{"id":14,"date":"2026-03-16T08:31:30","date_gmt":"2026-03-16T08:31:30","guid":{"rendered":"https:\/\/asesoriamarianosanchez.rkinformatika.online\/?page_id=14"},"modified":"2026-03-25T08:23:45","modified_gmt":"2026-03-25T08:23:45","slug":"servicios","status":"publish","type":"page","link":"https:\/\/asesoriamarianosanchez.com\/en\/servicios\/","title":{"rendered":"Services"},"content":{"rendered":"<div data-elementor-type=\"wp-page\" data-elementor-id=\"14\" class=\"elementor elementor-14\" data-elementor-post-type=\"page\">\n\t\t\t\t<div class=\"elementor-element elementor-element-3b73d02 e-flex e-con-boxed e-con e-parent\" data-id=\"3b73d02\" data-element_type=\"container\" data-e-type=\"container\" data-settings=\"{&quot;background_background&quot;:&quot;classic&quot;}\">\n\t\t\t\t\t<div class=\"e-con-inner\">\n\t\t\t\t<div class=\"elementor-element elementor-element-82a77d5 animated-slow elementor-invisible elementor-widget elementor-widget-heading\" data-id=\"82a77d5\" data-element_type=\"widget\" data-e-type=\"widget\" data-settings=\"{&quot;_animation&quot;:&quot;fadeInRight&quot;}\" data-widget_type=\"heading.default\">\n\t\t\t\t\t<h2 class=\"elementor-heading-title elementor-size-default\">Services<\/h2>\t\t\t\t<\/div>\n\t\t\t\t\t<\/div>\n\t\t\t\t<\/div>\n\t\t<div class=\"elementor-element elementor-element-69cf321 e-flex e-con-boxed e-con e-parent\" data-id=\"69cf321\" data-element_type=\"container\" data-e-type=\"container\">\n\t\t\t\t\t<div class=\"e-con-inner\">\n\t\t<div class=\"elementor-element elementor-element-3096855 e-con-full e-flex e-con e-child\" data-id=\"3096855\" data-element_type=\"container\" data-e-type=\"container\" data-settings=\"{&quot;background_background&quot;:&quot;classic&quot;}\">\n\t\t<div class=\"elementor-element elementor-element-4efaee2 e-con-full animated-slow e-flex elementor-invisible e-con e-child\" data-id=\"4efaee2\" data-element_type=\"container\" data-e-type=\"container\" data-settings=\"{&quot;animation&quot;:&quot;fadeInLeft&quot;}\">\n\t\t\t\t<div class=\"elementor-element elementor-element-16eda20 elementor-widget elementor-widget-image\" data-id=\"16eda20\" data-element_type=\"widget\" data-e-type=\"widget\" data-widget_type=\"image.default\">\n\t\t\t\t\t\t\t\t\t\t\t\t\t\t\t<img fetchpriority=\"high\" decoding=\"async\" width=\"800\" height=\"534\" src=\"https:\/\/asesoriamarianosanchez.com\/wp-content\/uploads\/2026\/03\/imgi_1_uri_ifs3A2F2FM2Fe79fdcab-ac05-419e-94c6-dc3d492056f0-1024x684.webp\" class=\"attachment-large size-large wp-image-363\" alt=\"\" srcset=\"https:\/\/asesoriamarianosanchez.com\/wp-content\/uploads\/2026\/03\/imgi_1_uri_ifs3A2F2FM2Fe79fdcab-ac05-419e-94c6-dc3d492056f0-1024x684.webp 1024w, https:\/\/asesoriamarianosanchez.com\/wp-content\/uploads\/2026\/03\/imgi_1_uri_ifs3A2F2FM2Fe79fdcab-ac05-419e-94c6-dc3d492056f0-300x200.webp 300w, https:\/\/asesoriamarianosanchez.com\/wp-content\/uploads\/2026\/03\/imgi_1_uri_ifs3A2F2FM2Fe79fdcab-ac05-419e-94c6-dc3d492056f0-768x513.webp 768w, https:\/\/asesoriamarianosanchez.com\/wp-content\/uploads\/2026\/03\/imgi_1_uri_ifs3A2F2FM2Fe79fdcab-ac05-419e-94c6-dc3d492056f0-1536x1025.webp 1536w, https:\/\/asesoriamarianosanchez.com\/wp-content\/uploads\/2026\/03\/imgi_1_uri_ifs3A2F2FM2Fe79fdcab-ac05-419e-94c6-dc3d492056f0-18x12.webp 18w, https:\/\/asesoriamarianosanchez.com\/wp-content\/uploads\/2026\/03\/imgi_1_uri_ifs3A2F2FM2Fe79fdcab-ac05-419e-94c6-dc3d492056f0.webp 1600w\" sizes=\"(max-width: 800px) 100vw, 800px\" \/>\t\t\t\t\t\t\t\t\t\t\t\t\t\t\t<\/div>\n\t\t\t\t<\/div>\n\t\t<div class=\"elementor-element elementor-element-fa313a7 e-con-full e-flex e-con e-child\" data-id=\"fa313a7\" data-element_type=\"container\" data-e-type=\"container\">\n\t\t\t\t<div class=\"elementor-element elementor-element-e7acb80 elementor-widget elementor-widget-heading\" data-id=\"e7acb80\" data-element_type=\"widget\" data-e-type=\"widget\" data-widget_type=\"heading.default\">\n\t\t\t\t\t<h2 class=\"elementor-heading-title elementor-size-default\">Asesor\u00eda Mercantil<\/h2>\t\t\t\t<\/div>\n\t\t\t\t<div class=\"elementor-element elementor-element-6895bf0 elementor-widget elementor-widget-text-editor\" data-id=\"6895bf0\" data-element_type=\"widget\" data-e-type=\"widget\" data-widget_type=\"text-editor.default\">\n\t\t\t\t\t\t\t\t\t<p>Te ayudamos en todo el proceso de constituci\u00f3n de empresas y sociedades, as\u00ed como en los tr\u00e1mites mercantiles necesarios para el correcto funcionamiento de tu negocio. Te acompa\u00f1amos desde el inicio para que puedas empezar tu actividad con seguridad y confianza.<\/p>\t\t\t\t\t\t\t\t<\/div>\n\t\t\t\t<\/div>\n\t\t\t\t<\/div>\n\t\t\t\t\t<\/div>\n\t\t\t\t<\/div>\n\t\t<div class=\"elementor-element elementor-element-803b2c1 e-flex e-con-boxed e-con e-parent\" data-id=\"803b2c1\" data-element_type=\"container\" data-e-type=\"container\">\n\t\t\t\t\t<div class=\"e-con-inner\">\n\t\t<div class=\"elementor-element elementor-element-65269e1 e-con-full e-flex e-con e-child\" data-id=\"65269e1\" data-element_type=\"container\" data-e-type=\"container\" data-settings=\"{&quot;background_background&quot;:&quot;classic&quot;}\">\n\t\t<div class=\"elementor-element elementor-element-5094bfe e-con-full e-flex e-con e-child\" data-id=\"5094bfe\" data-element_type=\"container\" data-e-type=\"container\">\n\t\t\t\t<div class=\"elementor-element elementor-element-1156fd7 animated-slow elementor-invisible elementor-widget elementor-widget-image\" data-id=\"1156fd7\" data-element_type=\"widget\" data-e-type=\"widget\" data-settings=\"{&quot;_animation&quot;:&quot;fadeInRight&quot;}\" data-widget_type=\"image.default\">\n\t\t\t\t\t\t\t\t\t\t\t\t\t\t\t<img decoding=\"async\" width=\"800\" height=\"534\" src=\"https:\/\/asesoriamarianosanchez.com\/wp-content\/uploads\/2026\/03\/imgi_1_canva-a-woman-showing-documents-to-her-coworkers-MAEeTP0Qkiw-1024x683.jpg\" class=\"attachment-large size-large wp-image-364\" alt=\"\" srcset=\"https:\/\/asesoriamarianosanchez.com\/wp-content\/uploads\/2026\/03\/imgi_1_canva-a-woman-showing-documents-to-her-coworkers-MAEeTP0Qkiw-1024x683.jpg 1024w, https:\/\/asesoriamarianosanchez.com\/wp-content\/uploads\/2026\/03\/imgi_1_canva-a-woman-showing-documents-to-her-coworkers-MAEeTP0Qkiw-300x200.jpg 300w, https:\/\/asesoriamarianosanchez.com\/wp-content\/uploads\/2026\/03\/imgi_1_canva-a-woman-showing-documents-to-her-coworkers-MAEeTP0Qkiw-768x512.jpg 768w, https:\/\/asesoriamarianosanchez.com\/wp-content\/uploads\/2026\/03\/imgi_1_canva-a-woman-showing-documents-to-her-coworkers-MAEeTP0Qkiw-1536x1024.jpg 1536w, https:\/\/asesoriamarianosanchez.com\/wp-content\/uploads\/2026\/03\/imgi_1_canva-a-woman-showing-documents-to-her-coworkers-MAEeTP0Qkiw-18x12.jpg 18w, https:\/\/asesoriamarianosanchez.com\/wp-content\/uploads\/2026\/03\/imgi_1_canva-a-woman-showing-documents-to-her-coworkers-MAEeTP0Qkiw.jpg 1600w\" sizes=\"(max-width: 800px) 100vw, 800px\" \/>\t\t\t\t\t\t\t\t\t\t\t\t\t\t\t<\/div>\n\t\t\t\t<\/div>\n\t\t<div class=\"elementor-element elementor-element-6838774 e-con-full e-flex e-con e-child\" data-id=\"6838774\" data-element_type=\"container\" data-e-type=\"container\">\n\t\t\t\t<div class=\"elementor-element elementor-element-0e86148 elementor-widget elementor-widget-heading\" data-id=\"0e86148\" data-element_type=\"widget\" data-e-type=\"widget\" data-widget_type=\"heading.default\">\n\t\t\t\t\t<h2 class=\"elementor-heading-title elementor-size-default\">Gesti\u00f3n Empresarial<\/h2>\t\t\t\t<\/div>\n\t\t\t\t<div class=\"elementor-element elementor-element-3010091 elementor-widget elementor-widget-text-editor\" data-id=\"3010091\" data-element_type=\"widget\" data-e-type=\"widget\" data-widget_type=\"text-editor.default\">\n\t\t\t\t\t\t\t\t\t<p>Ofrecemos un servicio integral de gesti\u00f3n y asesoramiento para aut\u00f3nomos y sociedades, facilitando la administraci\u00f3n diaria del negocio y ayudando a optimizar su organizaci\u00f3n.<\/p>\t\t\t\t\t\t\t\t<\/div>\n\t\t\t\t<\/div>\n\t\t\t\t<\/div>\n\t\t\t\t\t<\/div>\n\t\t\t\t<\/div>\n\t\t<div class=\"elementor-element elementor-element-0bbe224 e-flex e-con-boxed e-con e-parent\" data-id=\"0bbe224\" data-element_type=\"container\" data-e-type=\"container\">\n\t\t\t\t\t<div class=\"e-con-inner\">\n\t\t<div class=\"elementor-element elementor-element-39f82f7 e-con-full e-flex e-con e-child\" data-id=\"39f82f7\" data-element_type=\"container\" data-e-type=\"container\" data-settings=\"{&quot;background_background&quot;:&quot;classic&quot;}\">\n\t\t<div class=\"elementor-element elementor-element-33a111c e-con-full animated-slow e-flex elementor-invisible e-con e-child\" data-id=\"33a111c\" data-element_type=\"container\" data-e-type=\"container\" data-settings=\"{&quot;animation&quot;:&quot;fadeInLeft&quot;}\">\n\t\t\t\t<div class=\"elementor-element elementor-element-5432473 elementor-widget elementor-widget-image\" data-id=\"5432473\" data-element_type=\"widget\" data-e-type=\"widget\" data-widget_type=\"image.default\">\n\t\t\t\t\t\t\t\t\t\t\t\t\t\t\t<img decoding=\"async\" width=\"550\" height=\"367\" src=\"https:\/\/asesoriamarianosanchez.com\/wp-content\/uploads\/2026\/03\/imgi_11_canva-MAG7eWi_Lcw.jpg\" class=\"attachment-large size-large wp-image-365\" alt=\"\" srcset=\"https:\/\/asesoriamarianosanchez.com\/wp-content\/uploads\/2026\/03\/imgi_11_canva-MAG7eWi_Lcw.jpg 550w, https:\/\/asesoriamarianosanchez.com\/wp-content\/uploads\/2026\/03\/imgi_11_canva-MAG7eWi_Lcw-300x200.jpg 300w, https:\/\/asesoriamarianosanchez.com\/wp-content\/uploads\/2026\/03\/imgi_11_canva-MAG7eWi_Lcw-18x12.jpg 18w\" sizes=\"(max-width: 550px) 100vw, 550px\" \/>\t\t\t\t\t\t\t\t\t\t\t\t\t\t\t<\/div>\n\t\t\t\t<\/div>\n\t\t<div class=\"elementor-element elementor-element-d4520c6 e-con-full e-flex e-con e-child\" data-id=\"d4520c6\" data-element_type=\"container\" data-e-type=\"container\">\n\t\t\t\t<div class=\"elementor-element elementor-element-d4ed04a elementor-widget elementor-widget-heading\" data-id=\"d4ed04a\" data-element_type=\"widget\" data-e-type=\"widget\" data-widget_type=\"heading.default\">\n\t\t\t\t\t<h2 class=\"elementor-heading-title elementor-size-default\">Contabilidad<\/h2>\t\t\t\t<\/div>\n\t\t\t\t<div class=\"elementor-element elementor-element-4b20a49 elementor-widget elementor-widget-text-editor\" data-id=\"4b20a49\" data-element_type=\"widget\" data-e-type=\"widget\" data-widget_type=\"text-editor.default\">\n\t\t\t\t\t\t\t\t\t<p>Nos encargamos de la elaboraci\u00f3n y gesti\u00f3n de la contabilidad de tu empresa, manteniendo un control claro y actualizado de la situaci\u00f3n econ\u00f3mica para una mejor toma de decisiones.<\/p>\t\t\t\t\t\t\t\t<\/div>\n\t\t\t\t<\/div>\n\t\t\t\t<\/div>\n\t\t\t\t\t<\/div>\n\t\t\t\t<\/div>\n\t\t<div class=\"elementor-element elementor-element-bfd25f7 e-flex e-con-boxed e-con e-parent\" data-id=\"bfd25f7\" data-element_type=\"container\" data-e-type=\"container\">\n\t\t\t\t\t<div class=\"e-con-inner\">\n\t\t<div class=\"elementor-element elementor-element-6ace27e e-con-full e-flex e-con e-child\" data-id=\"6ace27e\" data-element_type=\"container\" data-e-type=\"container\" data-settings=\"{&quot;background_background&quot;:&quot;classic&quot;}\">\n\t\t<div class=\"elementor-element elementor-element-688fe56 e-con-full e-flex e-con e-child\" data-id=\"688fe56\" data-element_type=\"container\" data-e-type=\"container\">\n\t\t\t\t<div class=\"elementor-element elementor-element-ad98021 animated-slow elementor-invisible elementor-widget elementor-widget-image\" data-id=\"ad98021\" data-element_type=\"widget\" data-e-type=\"widget\" data-settings=\"{&quot;_animation&quot;:&quot;fadeInRight&quot;}\" data-widget_type=\"image.default\">\n\t\t\t\t\t\t\t\t\t\t\t\t\t\t\t<img loading=\"lazy\" decoding=\"async\" width=\"550\" height=\"367\" src=\"https:\/\/asesoriamarianosanchez.com\/wp-content\/uploads\/2026\/03\/imgi_13_canva-MAG8NNaNBsk.jpg\" class=\"attachment-large size-large wp-image-366\" alt=\"\" srcset=\"https:\/\/asesoriamarianosanchez.com\/wp-content\/uploads\/2026\/03\/imgi_13_canva-MAG8NNaNBsk.jpg 550w, https:\/\/asesoriamarianosanchez.com\/wp-content\/uploads\/2026\/03\/imgi_13_canva-MAG8NNaNBsk-300x200.jpg 300w, https:\/\/asesoriamarianosanchez.com\/wp-content\/uploads\/2026\/03\/imgi_13_canva-MAG8NNaNBsk-18x12.jpg 18w\" sizes=\"(max-width: 550px) 100vw, 550px\" \/>\t\t\t\t\t\t\t\t\t\t\t\t\t\t\t<\/div>\n\t\t\t\t<\/div>\n\t\t<div class=\"elementor-element elementor-element-8d2e168 e-con-full e-flex e-con e-child\" data-id=\"8d2e168\" data-element_type=\"container\" data-e-type=\"container\" data-settings=\"{&quot;background_background&quot;:&quot;classic&quot;}\">\n\t\t\t\t<div class=\"elementor-element elementor-element-d4b1e02 elementor-widget elementor-widget-heading\" data-id=\"d4b1e02\" data-element_type=\"widget\" data-e-type=\"widget\" data-widget_type=\"heading.default\">\n\t\t\t\t\t<h2 class=\"elementor-heading-title elementor-size-default\">Impuestos<\/h2>\t\t\t\t<\/div>\n\t\t\t\t<div class=\"elementor-element elementor-element-e447e31 elementor-widget elementor-widget-text-editor\" data-id=\"e447e31\" data-element_type=\"widget\" data-e-type=\"widget\" data-widget_type=\"text-editor.default\">\n\t\t\t\t\t\t\t\t\t<p data-start=\"856\" data-end=\"1054\">Gestionamos la preparaci\u00f3n y presentaci\u00f3n de impuestos y tributos, asegurando el cumplimiento de las obligaciones fiscales y ayudando a optimizar la carga fiscal de tu actividad.<\/p>\t\t\t\t\t\t\t\t<\/div>\n\t\t\t\t<\/div>\n\t\t\t\t<\/div>\n\t\t\t\t\t<\/div>\n\t\t\t\t<\/div>\n\t\t<div class=\"elementor-element elementor-element-9e10ba9 e-flex e-con-boxed e-con e-parent\" data-id=\"9e10ba9\" data-element_type=\"container\" data-e-type=\"container\" data-settings=\"{&quot;background_background&quot;:&quot;classic&quot;}\">\n\t\t\t\t\t<div class=\"e-con-inner\">\n\t\t\t\t<div class=\"elementor-element elementor-element-1f9752a elementor-widget elementor-widget-heading\" data-id=\"1f9752a\" data-element_type=\"widget\" data-e-type=\"widget\" data-widget_type=\"heading.default\">\n\t\t\t\t\t<h2 class=\"elementor-heading-title elementor-size-default\">Ofrecemos un servicio cercano, profesional y adaptado a las necesidades de cada cliente.<\/h2>\t\t\t\t<\/div>\n\t\t\t\t<div class=\"elementor-element elementor-element-d37f8bd elementor-widget elementor-widget-button\" data-id=\"d37f8bd\" data-element_type=\"widget\" data-e-type=\"widget\" data-widget_type=\"button.default\">\n\t\t\t\t\t\t\t\t\t\t<a class=\"elementor-button elementor-button-link elementor-size-sm\" href=\"\/en\/contacto\/\">\n\t\t\t\t\t\t<span class=\"elementor-button-content-wrapper\">\n\t\t\t\t\t\t\t\t\t<span class=\"elementor-button-text\">CONTACTO<\/span>\n\t\t\t\t\t<\/span>\n\t\t\t\t\t<\/a>\n\t\t\t\t\t\t\t\t<\/div>\n\t\t\t\t\t<\/div>\n\t\t\t\t<\/div>\n\t\t\t\t<\/div>","protected":false},"excerpt":{"rendered":"<p>Servicios Asesor\u00eda Mercantil Te ayudamos en todo el proceso de constituci\u00f3n de empresas y sociedades, as\u00ed como en los tr\u00e1mites mercantiles necesarios para el correcto funcionamiento de tu negocio. Te acompa\u00f1amos desde el inicio para que puedas empezar tu actividad con seguridad y confianza. Gesti\u00f3n Empresarial Ofrecemos un servicio integral de gesti\u00f3n y asesoramiento para [&hellip;]<\/p>\n","protected":false},"author":1,"featured_media":0,"parent":0,"menu_order":0,"comment_status":"closed","ping_status":"closed","template":"elementor_canvas","meta":{"footnotes":""},"class_list":["post-14","page","type-page","status-publish","hentry"],"yoast_head":"<!-- This site is optimized with the Yoast SEO plugin v27.4 - https:\/\/yoast.com\/product\/yoast-seo-wordpress\/ -->\n<title>Servicios - Asesor\u00eda Fiscal y Contable Mariano S\u00e1nchez<\/title>\n<meta name=\"robots\" content=\"index, follow, max-snippet:-1, max-image-preview:large, max-video-preview:-1\" \/>\n<link rel=\"canonical\" href=\"https:\/\/asesoriamarianosanchez.com\/en\/servicios\/\" \/>\n<meta property=\"og:locale\" content=\"en_GB\" \/>\n<meta property=\"og:type\" content=\"article\" \/>\n<meta property=\"og:title\" content=\"Servicios - Asesor\u00eda Fiscal y Contable Mariano S\u00e1nchez\" \/>\n<meta property=\"og:description\" content=\"Servicios Asesor\u00eda Mercantil Te ayudamos en todo el proceso de constituci\u00f3n de empresas y sociedades, as\u00ed como en los tr\u00e1mites mercantiles necesarios para el correcto funcionamiento de tu negocio. Te acompa\u00f1amos desde el inicio para que puedas empezar tu actividad con seguridad y confianza. Gesti\u00f3n Empresarial Ofrecemos un servicio integral de gesti\u00f3n y asesoramiento para [&hellip;]\" \/>\n<meta property=\"og:url\" content=\"https:\/\/asesoriamarianosanchez.com\/en\/servicios\/\" \/>\n<meta property=\"og:site_name\" content=\"Asesor\u00eda Fiscal y Contable Mariano S\u00e1nchez\" \/>\n<meta property=\"article:modified_time\" content=\"2026-03-25T08:23:45+00:00\" \/>\n<meta property=\"og:image\" content=\"https:\/\/asesoriamarianosanchez.com\/wp-content\/uploads\/2026\/03\/imgi_1_uri_ifs3A2F2FM2Fe79fdcab-ac05-419e-94c6-dc3d492056f0-1024x684.webp\" \/>\n<meta name=\"twitter:card\" content=\"summary_large_image\" \/>\n<meta name=\"twitter:label1\" content=\"Estimated reading time\" \/>\n\t<meta name=\"twitter:data1\" content=\"1 minute\" \/>\n<script type=\"application\/ld+json\" class=\"yoast-schema-graph\">{\"@context\":\"https:\\\/\\\/schema.org\",\"@graph\":[{\"@type\":\"WebPage\",\"@id\":\"https:\\\/\\\/asesoriamarianosanchez.com\\\/servicios\\\/\",\"url\":\"https:\\\/\\\/asesoriamarianosanchez.com\\\/servicios\\\/\",\"name\":\"Servicios - Asesor\u00eda Fiscal y Contable Mariano S\u00e1nchez\",\"isPartOf\":{\"@id\":\"https:\\\/\\\/asesoriamarianosanchez.com\\\/#website\"},\"primaryImageOfPage\":{\"@id\":\"https:\\\/\\\/asesoriamarianosanchez.com\\\/servicios\\\/#primaryimage\"},\"image\":{\"@id\":\"https:\\\/\\\/asesoriamarianosanchez.com\\\/servicios\\\/#primaryimage\"},\"thumbnailUrl\":\"https:\\\/\\\/asesoriamarianosanchez.com\\\/wp-content\\\/uploads\\\/2026\\\/03\\\/imgi_1_uri_ifs3A2F2FM2Fe79fdcab-ac05-419e-94c6-dc3d492056f0-1024x684.webp\",\"datePublished\":\"2026-03-16T08:31:30+00:00\",\"dateModified\":\"2026-03-25T08:23:45+00:00\",\"breadcrumb\":{\"@id\":\"https:\\\/\\\/asesoriamarianosanchez.com\\\/servicios\\\/#breadcrumb\"},\"inLanguage\":\"en-GB\",\"potentialAction\":[{\"@type\":\"ReadAction\",\"target\":[\"https:\\\/\\\/asesoriamarianosanchez.com\\\/servicios\\\/\"]}]},{\"@type\":\"ImageObject\",\"inLanguage\":\"en-GB\",\"@id\":\"https:\\\/\\\/asesoriamarianosanchez.com\\\/servicios\\\/#primaryimage\",\"url\":\"https:\\\/\\\/asesoriamarianosanchez.com\\\/wp-content\\\/uploads\\\/2026\\\/03\\\/imgi_1_uri_ifs3A2F2FM2Fe79fdcab-ac05-419e-94c6-dc3d492056f0-1024x684.webp\",\"contentUrl\":\"https:\\\/\\\/asesoriamarianosanchez.com\\\/wp-content\\\/uploads\\\/2026\\\/03\\\/imgi_1_uri_ifs3A2F2FM2Fe79fdcab-ac05-419e-94c6-dc3d492056f0-1024x684.webp\"},{\"@type\":\"BreadcrumbList\",\"@id\":\"https:\\\/\\\/asesoriamarianosanchez.com\\\/servicios\\\/#breadcrumb\",\"itemListElement\":[{\"@type\":\"ListItem\",\"position\":1,\"name\":\"Portada\",\"item\":\"https:\\\/\\\/asesoriamarianosanchez.com\\\/\"},{\"@type\":\"ListItem\",\"position\":2,\"name\":\"Servicios\"}]},{\"@type\":\"WebSite\",\"@id\":\"https:\\\/\\\/asesoriamarianosanchez.com\\\/#website\",\"url\":\"https:\\\/\\\/asesoriamarianosanchez.com\\\/\",\"name\":\"Asesor\u00eda Fiscal y Contable Mariano S\u00e1nchez\",\"description\":\"\",\"publisher\":{\"@id\":\"https:\\\/\\\/asesoriamarianosanchez.com\\\/#organization\"},\"potentialAction\":[{\"@type\":\"SearchAction\",\"target\":{\"@type\":\"EntryPoint\",\"urlTemplate\":\"https:\\\/\\\/asesoriamarianosanchez.com\\\/?s={search_term_string}\"},\"query-input\":{\"@type\":\"PropertyValueSpecification\",\"valueRequired\":true,\"valueName\":\"search_term_string\"}}],\"inLanguage\":\"en-GB\"},{\"@type\":\"Organization\",\"@id\":\"https:\\\/\\\/asesoriamarianosanchez.com\\\/#organization\",\"name\":\"Asesor\u00eda Fiscal y Contable Mariano S\u00e1nchez\",\"url\":\"https:\\\/\\\/asesoriamarianosanchez.com\\\/\",\"logo\":{\"@type\":\"ImageObject\",\"inLanguage\":\"en-GB\",\"@id\":\"https:\\\/\\\/asesoriamarianosanchez.com\\\/#\\\/schema\\\/logo\\\/image\\\/\",\"url\":\"https:\\\/\\\/asesoriamarianosanchez.com\\\/wp-content\\\/uploads\\\/2026\\\/03\\\/467bb733-0a41-465d-8e71-dd10d2f47cb0.png\",\"contentUrl\":\"https:\\\/\\\/asesoriamarianosanchez.com\\\/wp-content\\\/uploads\\\/2026\\\/03\\\/467bb733-0a41-465d-8e71-dd10d2f47cb0.png\",\"width\":2000,\"height\":2000,\"caption\":\"Asesor\u00eda Fiscal y Contable Mariano S\u00e1nchez \"},\"image\":{\"@id\":\"https:\\\/\\\/asesoriamarianosanchez.com\\\/#\\\/schema\\\/logo\\\/image\\\/\"}}]}<\/script>\n<!-- \/ Yoast SEO plugin. -->","yoast_head_json":{"title":"Servicios - Asesor\u00eda Fiscal y Contable Mariano S\u00e1nchez","robots":{"index":"index","follow":"follow","max-snippet":"max-snippet:-1","max-image-preview":"max-image-preview:large","max-video-preview":"max-video-preview:-1"},"canonical":"https:\/\/asesoriamarianosanchez.com\/en\/servicios\/","og_locale":"en_GB","og_type":"article","og_title":"Servicios - Asesor\u00eda Fiscal y Contable Mariano S\u00e1nchez","og_description":"Servicios Asesor\u00eda Mercantil Te ayudamos en todo el proceso de constituci\u00f3n de empresas y sociedades, as\u00ed como en los tr\u00e1mites mercantiles necesarios para el correcto funcionamiento de tu negocio. Te acompa\u00f1amos desde el inicio para que puedas empezar tu actividad con seguridad y confianza. Gesti\u00f3n Empresarial Ofrecemos un servicio integral de gesti\u00f3n y asesoramiento para [&hellip;]","og_url":"https:\/\/asesoriamarianosanchez.com\/en\/servicios\/","og_site_name":"Asesor\u00eda Fiscal y Contable Mariano S\u00e1nchez","article_modified_time":"2026-03-25T08:23:45+00:00","og_image":[{"url":"https:\/\/asesoriamarianosanchez.com\/wp-content\/uploads\/2026\/03\/imgi_1_uri_ifs3A2F2FM2Fe79fdcab-ac05-419e-94c6-dc3d492056f0-1024x684.webp","type":"","width":"","height":""}],"twitter_card":"summary_large_image","twitter_misc":{"Estimated reading time":"1 minute"},"schema":{"@context":"https:\/\/schema.org","@graph":[{"@type":"WebPage","@id":"https:\/\/asesoriamarianosanchez.com\/servicios\/","url":"https:\/\/asesoriamarianosanchez.com\/servicios\/","name":"Servicios - Asesor\u00eda Fiscal y Contable Mariano S\u00e1nchez","isPartOf":{"@id":"https:\/\/asesoriamarianosanchez.com\/#website"},"primaryImageOfPage":{"@id":"https:\/\/asesoriamarianosanchez.com\/servicios\/#primaryimage"},"image":{"@id":"https:\/\/asesoriamarianosanchez.com\/servicios\/#primaryimage"},"thumbnailUrl":"https:\/\/asesoriamarianosanchez.com\/wp-content\/uploads\/2026\/03\/imgi_1_uri_ifs3A2F2FM2Fe79fdcab-ac05-419e-94c6-dc3d492056f0-1024x684.webp","datePublished":"2026-03-16T08:31:30+00:00","dateModified":"2026-03-25T08:23:45+00:00","breadcrumb":{"@id":"https:\/\/asesoriamarianosanchez.com\/servicios\/#breadcrumb"},"inLanguage":"en-GB","potentialAction":[{"@type":"ReadAction","target":["https:\/\/asesoriamarianosanchez.com\/servicios\/"]}]},{"@type":"ImageObject","inLanguage":"en-GB","@id":"https:\/\/asesoriamarianosanchez.com\/servicios\/#primaryimage","url":"https:\/\/asesoriamarianosanchez.com\/wp-content\/uploads\/2026\/03\/imgi_1_uri_ifs3A2F2FM2Fe79fdcab-ac05-419e-94c6-dc3d492056f0-1024x684.webp","contentUrl":"https:\/\/asesoriamarianosanchez.com\/wp-content\/uploads\/2026\/03\/imgi_1_uri_ifs3A2F2FM2Fe79fdcab-ac05-419e-94c6-dc3d492056f0-1024x684.webp"},{"@type":"BreadcrumbList","@id":"https:\/\/asesoriamarianosanchez.com\/servicios\/#breadcrumb","itemListElement":[{"@type":"ListItem","position":1,"name":"Portada","item":"https:\/\/asesoriamarianosanchez.com\/"},{"@type":"ListItem","position":2,"name":"Servicios"}]},{"@type":"WebSite","@id":"https:\/\/asesoriamarianosanchez.com\/#website","url":"https:\/\/asesoriamarianosanchez.com\/","name":"Mariano S\u00e1nchez Tax and Accounting Consulting","description":"","publisher":{"@id":"https:\/\/asesoriamarianosanchez.com\/#organization"},"potentialAction":[{"@type":"SearchAction","target":{"@type":"EntryPoint","urlTemplate":"https:\/\/asesoriamarianosanchez.com\/?s={search_term_string}"},"query-input":{"@type":"PropertyValueSpecification","valueRequired":true,"valueName":"search_term_string"}}],"inLanguage":"en-GB"},{"@type":"Organization","@id":"https:\/\/asesoriamarianosanchez.com\/#organization","name":"Mariano S\u00e1nchez Tax and Accounting Consulting","url":"https:\/\/asesoriamarianosanchez.com\/","logo":{"@type":"ImageObject","inLanguage":"en-GB","@id":"https:\/\/asesoriamarianosanchez.com\/#\/schema\/logo\/image\/","url":"https:\/\/asesoriamarianosanchez.com\/wp-content\/uploads\/2026\/03\/467bb733-0a41-465d-8e71-dd10d2f47cb0.png","contentUrl":"https:\/\/asesoriamarianosanchez.com\/wp-content\/uploads\/2026\/03\/467bb733-0a41-465d-8e71-dd10d2f47cb0.png","width":2000,"height":2000,"caption":"Asesor\u00eda Fiscal y Contable Mariano S\u00e1nchez "},"image":{"@id":"https:\/\/asesoriamarianosanchez.com\/#\/schema\/logo\/image\/"}}]}},"_links":{"self":[{"href":"https:\/\/asesoriamarianosanchez.com\/en\/wp-json\/wp\/v2\/pages\/14","targetHints":{"allow":["GET"]}}],"collection":[{"href":"https:\/\/asesoriamarianosanchez.com\/en\/wp-json\/wp\/v2\/pages"}],"about":[{"href":"https:\/\/asesoriamarianosanchez.com\/en\/wp-json\/wp\/v2\/types\/page"}],"author":[{"embeddable":true,"href":"https:\/\/asesoriamarianosanchez.com\/en\/wp-json\/wp\/v2\/users\/1"}],"replies":[{"embeddable":true,"href":"https:\/\/asesoriamarianosanchez.com\/en\/wp-json\/wp\/v2\/comments?post=14"}],"version-history":[{"count":250,"href":"https:\/\/asesoriamarianosanchez.com\/en\/wp-json\/wp\/v2\/pages\/14\/revisions"}],"predecessor-version":[{"id":747,"href":"https:\/\/asesoriamarianosanchez.com\/en\/wp-json\/wp\/v2\/pages\/14\/revisions\/747"}],"wp:attachment":[{"href":"https:\/\/asesoriamarianosanchez.com\/en\/wp-json\/wp\/v2\/media?parent=14"}],"curies":[{"name":"wp","href":"https:\/\/api.w.org\/{rel}","templated":true}]}}