{"id":11,"date":"2026-03-16T08:28:47","date_gmt":"2026-03-16T08:28:47","guid":{"rendered":"https:\/\/asesoriamarianosanchez.rkinformatika.online\/?page_id=11"},"modified":"2026-03-25T08:23:22","modified_gmt":"2026-03-25T08:23:22","slug":"inicio","status":"publish","type":"page","link":"https:\/\/asesoriamarianosanchez.com\/en\/","title":{"rendered":"Home"},"content":{"rendered":"<div data-elementor-type=\"wp-page\" data-elementor-id=\"11\" class=\"elementor elementor-11\" data-elementor-post-type=\"page\">\n\t\t\t\t<div class=\"elementor-element elementor-element-68070d6 e-flex e-con-boxed e-con e-parent\" data-id=\"68070d6\" data-element_type=\"container\" data-e-type=\"container\" data-settings=\"{&quot;background_background&quot;:&quot;classic&quot;}\">\n\t\t\t\t\t<div class=\"e-con-inner\">\n\t\t\t\t<div class=\"elementor-element elementor-element-7b31b3d animated-slow elementor-invisible elementor-widget elementor-widget-heading\" data-id=\"7b31b3d\" data-element_type=\"widget\" data-e-type=\"widget\" data-settings=\"{&quot;_animation&quot;:&quot;fadeInRight&quot;}\" data-widget_type=\"heading.default\">\n\t\t\t\t\t<h2 class=\"elementor-heading-title elementor-size-default\">Mariano S\u00e1nchez Tax and Accounting Consulting<\/h2>\t\t\t\t<\/div>\n\t\t\t\t\t<\/div>\n\t\t\t\t<\/div>\n\t\t<div class=\"elementor-element elementor-element-cad1dca e-flex e-con-boxed e-con e-parent\" data-id=\"cad1dca\" data-element_type=\"container\" data-e-type=\"container\">\n\t\t\t\t\t<div class=\"e-con-inner\">\n\t\t<div class=\"elementor-element elementor-element-1db0198 e-con-full e-flex e-con e-child\" data-id=\"1db0198\" data-element_type=\"container\" data-e-type=\"container\">\n\t\t\t\t<div class=\"elementor-element elementor-element-1480ac8 elementor-widget elementor-widget-image\" data-id=\"1480ac8\" data-element_type=\"widget\" data-e-type=\"widget\" data-widget_type=\"image.default\">\n\t\t\t\t\t\t\t\t\t\t\t\t\t\t\t<img fetchpriority=\"high\" decoding=\"async\" width=\"800\" height=\"800\" src=\"https:\/\/asesoriamarianosanchez.com\/wp-content\/uploads\/2026\/03\/467bb733-0a41-465d-8e71-dd10d2f47cb0-1024x1024.png\" class=\"attachment-large size-large wp-image-128\" alt=\"\" srcset=\"https:\/\/asesoriamarianosanchez.com\/wp-content\/uploads\/2026\/03\/467bb733-0a41-465d-8e71-dd10d2f47cb0-1024x1024.png 1024w, https:\/\/asesoriamarianosanchez.com\/wp-content\/uploads\/2026\/03\/467bb733-0a41-465d-8e71-dd10d2f47cb0-300x300.png 300w, https:\/\/asesoriamarianosanchez.com\/wp-content\/uploads\/2026\/03\/467bb733-0a41-465d-8e71-dd10d2f47cb0-150x150.png 150w, https:\/\/asesoriamarianosanchez.com\/wp-content\/uploads\/2026\/03\/467bb733-0a41-465d-8e71-dd10d2f47cb0-768x768.png 768w, https:\/\/asesoriamarianosanchez.com\/wp-content\/uploads\/2026\/03\/467bb733-0a41-465d-8e71-dd10d2f47cb0-1536x1536.png 1536w, https:\/\/asesoriamarianosanchez.com\/wp-content\/uploads\/2026\/03\/467bb733-0a41-465d-8e71-dd10d2f47cb0-12x12.png 12w, https:\/\/asesoriamarianosanchez.com\/wp-content\/uploads\/2026\/03\/467bb733-0a41-465d-8e71-dd10d2f47cb0.png 2000w\" sizes=\"(max-width: 800px) 100vw, 800px\" \/>\t\t\t\t\t\t\t\t\t\t\t\t\t\t\t<\/div>\n\t\t\t\t<\/div>\n\t\t<div class=\"elementor-element elementor-element-eb12f55 e-con-full e-flex e-con e-child\" data-id=\"eb12f55\" data-element_type=\"container\" data-e-type=\"container\">\n\t\t\t\t<div class=\"elementor-element elementor-element-c141a91 elementor-widget elementor-widget-heading\" data-id=\"c141a91\" data-element_type=\"widget\" data-e-type=\"widget\" data-widget_type=\"heading.default\">\n\t\t\t\t\t<h2 class=\"elementor-heading-title elementor-size-default\">About us<\/h2>\t\t\t\t<\/div>\n\t\t\t\t<div class=\"elementor-element elementor-element-c6f6240 elementor-widget elementor-widget-text-editor\" data-id=\"c6f6240\" data-element_type=\"widget\" data-e-type=\"widget\" data-widget_type=\"text-editor.default\">\n\t\t\t\t\t\t\t\t\t<p class=\"isSelectedEnd\">Mariano S\u00e1nchez Tax and Accounting Consulting is a firm specializing in tax, accounting and business management advice for self-employed individuals, companies and corporations.<\/p><p class=\"isSelectedEnd\">From its inception, the consultancy has been characterized by offering a close and professional service, based on personalized attention and individualized service to each client. Our goal is to understand the needs of each business in order to offer clear, effective solutions tailored to each situation.<\/p><p class=\"isSelectedEnd\">We assist self-employed individuals and companies in managing their tax, accounting and commercial obligations, providing peace of mind and confidence in the administration of their business.<\/p><p>We work so that our clients can focus on what matters most: the growth and development of their business.<\/p>\t\t\t\t\t\t\t\t<\/div>\n\t\t\t\t<\/div>\n\t\t\t\t\t<\/div>\n\t\t\t\t<\/div>\n\t\t<div class=\"elementor-element elementor-element-47ed67f e-flex e-con-boxed e-con e-parent\" data-id=\"47ed67f\" data-element_type=\"container\" data-e-type=\"container\" data-settings=\"{&quot;background_background&quot;:&quot;classic&quot;}\">\n\t\t\t\t\t<div class=\"e-con-inner\">\n\t\t\t\t<div class=\"elementor-element elementor-element-2092e99 elementor-widget elementor-widget-heading\" data-id=\"2092e99\" data-element_type=\"widget\" data-e-type=\"widget\" data-widget_type=\"heading.default\">\n\t\t\t\t\t<h2 class=\"elementor-heading-title elementor-size-default\">Discover our consulting services and how we can help you.<\/h2>\t\t\t\t<\/div>\n\t\t\t\t<div class=\"elementor-element elementor-element-09a45db elementor-widget elementor-widget-button\" data-id=\"09a45db\" data-element_type=\"widget\" data-e-type=\"widget\" data-widget_type=\"button.default\">\n\t\t\t\t\t\t\t\t\t\t<a class=\"elementor-button elementor-button-link elementor-size-sm\" href=\"\/en\/servicios\/\">\n\t\t\t\t\t\t<span class=\"elementor-button-content-wrapper\">\n\t\t\t\t\t\t\t\t\t<span class=\"elementor-button-text\">SERVICES<\/span>\n\t\t\t\t\t<\/span>\n\t\t\t\t\t<\/a>\n\t\t\t\t\t\t\t\t<\/div>\n\t\t\t\t\t<\/div>\n\t\t\t\t<\/div>\n\t\t\t\t<\/div>","protected":false},"excerpt":{"rendered":"<p>Asesor\u00eda Fiscal y Contable Mariano S\u00e1nchez Sobre Nosotros Asesor\u00eda Fiscal y Contable Mariano S\u00e1nchez es un despacho especializado en asesoramiento fiscal, contable y gesti\u00f3n empresarial para aut\u00f3nomos, empresas y sociedades. Desde sus inicios, la asesor\u00eda se ha caracterizado por ofrecer un servicio cercano y profesional, basado en el trato personalizado y la atenci\u00f3n individualizada a [&hellip;]<\/p>\n","protected":false},"author":1,"featured_media":0,"parent":0,"menu_order":0,"comment_status":"closed","ping_status":"closed","template":"elementor_canvas","meta":{"footnotes":""},"class_list":["post-11","page","type-page","status-publish","hentry"],"yoast_head":"<!-- This site is optimized with the Yoast SEO plugin v27.4 - https:\/\/yoast.com\/product\/yoast-seo-wordpress\/ -->\n<title>Inicio - Asesor\u00eda Fiscal y Contable Mariano S\u00e1nchez<\/title>\n<meta name=\"robots\" content=\"index, follow, max-snippet:-1, max-image-preview:large, max-video-preview:-1\" \/>\n<link rel=\"canonical\" href=\"https:\/\/asesoriamarianosanchez.com\/en\/\" \/>\n<meta property=\"og:locale\" content=\"en_GB\" \/>\n<meta property=\"og:type\" content=\"article\" \/>\n<meta property=\"og:title\" content=\"Inicio - Asesor\u00eda Fiscal y Contable Mariano S\u00e1nchez\" \/>\n<meta property=\"og:description\" content=\"Asesor\u00eda Fiscal y Contable Mariano S\u00e1nchez Sobre Nosotros Asesor\u00eda Fiscal y Contable Mariano S\u00e1nchez es un despacho especializado en asesoramiento fiscal, contable y gesti\u00f3n empresarial para aut\u00f3nomos, empresas y sociedades. Desde sus inicios, la asesor\u00eda se ha caracterizado por ofrecer un servicio cercano y profesional, basado en el trato personalizado y la atenci\u00f3n individualizada a [&hellip;]\" \/>\n<meta property=\"og:url\" content=\"https:\/\/asesoriamarianosanchez.com\/en\/\" \/>\n<meta property=\"og:site_name\" content=\"Asesor\u00eda Fiscal y Contable Mariano S\u00e1nchez\" \/>\n<meta property=\"article:modified_time\" content=\"2026-03-25T08:23:22+00:00\" \/>\n<meta property=\"og:image\" content=\"https:\/\/asesoriamarianosanchez.com\/wp-content\/uploads\/2026\/03\/467bb733-0a41-465d-8e71-dd10d2f47cb0-1024x1024.png\" \/>\n<meta name=\"twitter:card\" content=\"summary_large_image\" \/>\n<meta name=\"twitter:label1\" content=\"Estimated reading time\" \/>\n\t<meta name=\"twitter:data1\" content=\"1 minute\" \/>\n<script type=\"application\/ld+json\" class=\"yoast-schema-graph\">{\"@context\":\"https:\\\/\\\/schema.org\",\"@graph\":[{\"@type\":\"WebPage\",\"@id\":\"https:\\\/\\\/asesoriamarianosanchez.com\\\/\",\"url\":\"https:\\\/\\\/asesoriamarianosanchez.com\\\/\",\"name\":\"Inicio - Asesor\u00eda Fiscal y Contable Mariano S\u00e1nchez\",\"isPartOf\":{\"@id\":\"https:\\\/\\\/asesoriamarianosanchez.com\\\/#website\"},\"primaryImageOfPage\":{\"@id\":\"https:\\\/\\\/asesoriamarianosanchez.com\\\/#primaryimage\"},\"image\":{\"@id\":\"https:\\\/\\\/asesoriamarianosanchez.com\\\/#primaryimage\"},\"thumbnailUrl\":\"https:\\\/\\\/asesoriamarianosanchez.com\\\/wp-content\\\/uploads\\\/2026\\\/03\\\/467bb733-0a41-465d-8e71-dd10d2f47cb0-1024x1024.png\",\"datePublished\":\"2026-03-16T08:28:47+00:00\",\"dateModified\":\"2026-03-25T08:23:22+00:00\",\"breadcrumb\":{\"@id\":\"https:\\\/\\\/asesoriamarianosanchez.com\\\/#breadcrumb\"},\"inLanguage\":\"en-GB\",\"potentialAction\":[{\"@type\":\"ReadAction\",\"target\":[\"https:\\\/\\\/asesoriamarianosanchez.com\\\/\"]}]},{\"@type\":\"ImageObject\",\"inLanguage\":\"en-GB\",\"@id\":\"https:\\\/\\\/asesoriamarianosanchez.com\\\/#primaryimage\",\"url\":\"https:\\\/\\\/asesoriamarianosanchez.com\\\/wp-content\\\/uploads\\\/2026\\\/03\\\/467bb733-0a41-465d-8e71-dd10d2f47cb0-1024x1024.png\",\"contentUrl\":\"https:\\\/\\\/asesoriamarianosanchez.com\\\/wp-content\\\/uploads\\\/2026\\\/03\\\/467bb733-0a41-465d-8e71-dd10d2f47cb0-1024x1024.png\"},{\"@type\":\"BreadcrumbList\",\"@id\":\"https:\\\/\\\/asesoriamarianosanchez.com\\\/#breadcrumb\",\"itemListElement\":[{\"@type\":\"ListItem\",\"position\":1,\"name\":\"Portada\",\"item\":\"https:\\\/\\\/asesoriamarianosanchez.com\\\/\"},{\"@type\":\"ListItem\",\"position\":2,\"name\":\"Inicio\"}]},{\"@type\":\"WebSite\",\"@id\":\"https:\\\/\\\/asesoriamarianosanchez.com\\\/#website\",\"url\":\"https:\\\/\\\/asesoriamarianosanchez.com\\\/\",\"name\":\"Asesor\u00eda Fiscal y Contable Mariano S\u00e1nchez\",\"description\":\"\",\"publisher\":{\"@id\":\"https:\\\/\\\/asesoriamarianosanchez.com\\\/#organization\"},\"potentialAction\":[{\"@type\":\"SearchAction\",\"target\":{\"@type\":\"EntryPoint\",\"urlTemplate\":\"https:\\\/\\\/asesoriamarianosanchez.com\\\/?s={search_term_string}\"},\"query-input\":{\"@type\":\"PropertyValueSpecification\",\"valueRequired\":true,\"valueName\":\"search_term_string\"}}],\"inLanguage\":\"en-GB\"},{\"@type\":\"Organization\",\"@id\":\"https:\\\/\\\/asesoriamarianosanchez.com\\\/#organization\",\"name\":\"Asesor\u00eda Fiscal y Contable Mariano S\u00e1nchez\",\"url\":\"https:\\\/\\\/asesoriamarianosanchez.com\\\/\",\"logo\":{\"@type\":\"ImageObject\",\"inLanguage\":\"en-GB\",\"@id\":\"https:\\\/\\\/asesoriamarianosanchez.com\\\/#\\\/schema\\\/logo\\\/image\\\/\",\"url\":\"https:\\\/\\\/asesoriamarianosanchez.com\\\/wp-content\\\/uploads\\\/2026\\\/03\\\/467bb733-0a41-465d-8e71-dd10d2f47cb0.png\",\"contentUrl\":\"https:\\\/\\\/asesoriamarianosanchez.com\\\/wp-content\\\/uploads\\\/2026\\\/03\\\/467bb733-0a41-465d-8e71-dd10d2f47cb0.png\",\"width\":2000,\"height\":2000,\"caption\":\"Asesor\u00eda Fiscal y Contable Mariano S\u00e1nchez \"},\"image\":{\"@id\":\"https:\\\/\\\/asesoriamarianosanchez.com\\\/#\\\/schema\\\/logo\\\/image\\\/\"}}]}<\/script>\n<!-- \/ Yoast SEO plugin. -->","yoast_head_json":{"title":"Inicio - Asesor\u00eda Fiscal y Contable Mariano S\u00e1nchez","robots":{"index":"index","follow":"follow","max-snippet":"max-snippet:-1","max-image-preview":"max-image-preview:large","max-video-preview":"max-video-preview:-1"},"canonical":"https:\/\/asesoriamarianosanchez.com\/en\/","og_locale":"en_GB","og_type":"article","og_title":"Inicio - Asesor\u00eda Fiscal y Contable Mariano S\u00e1nchez","og_description":"Asesor\u00eda Fiscal y Contable Mariano S\u00e1nchez Sobre Nosotros Asesor\u00eda Fiscal y Contable Mariano S\u00e1nchez es un despacho especializado en asesoramiento fiscal, contable y gesti\u00f3n empresarial para aut\u00f3nomos, empresas y sociedades. Desde sus inicios, la asesor\u00eda se ha caracterizado por ofrecer un servicio cercano y profesional, basado en el trato personalizado y la atenci\u00f3n individualizada a [&hellip;]","og_url":"https:\/\/asesoriamarianosanchez.com\/en\/","og_site_name":"Asesor\u00eda Fiscal y Contable Mariano S\u00e1nchez","article_modified_time":"2026-03-25T08:23:22+00:00","og_image":[{"url":"https:\/\/asesoriamarianosanchez.com\/wp-content\/uploads\/2026\/03\/467bb733-0a41-465d-8e71-dd10d2f47cb0-1024x1024.png","type":"","width":"","height":""}],"twitter_card":"summary_large_image","twitter_misc":{"Estimated reading time":"1 minute"},"schema":{"@context":"https:\/\/schema.org","@graph":[{"@type":"WebPage","@id":"https:\/\/asesoriamarianosanchez.com\/","url":"https:\/\/asesoriamarianosanchez.com\/","name":"Inicio - Asesor\u00eda Fiscal y Contable Mariano S\u00e1nchez","isPartOf":{"@id":"https:\/\/asesoriamarianosanchez.com\/#website"},"primaryImageOfPage":{"@id":"https:\/\/asesoriamarianosanchez.com\/#primaryimage"},"image":{"@id":"https:\/\/asesoriamarianosanchez.com\/#primaryimage"},"thumbnailUrl":"https:\/\/asesoriamarianosanchez.com\/wp-content\/uploads\/2026\/03\/467bb733-0a41-465d-8e71-dd10d2f47cb0-1024x1024.png","datePublished":"2026-03-16T08:28:47+00:00","dateModified":"2026-03-25T08:23:22+00:00","breadcrumb":{"@id":"https:\/\/asesoriamarianosanchez.com\/#breadcrumb"},"inLanguage":"en-GB","potentialAction":[{"@type":"ReadAction","target":["https:\/\/asesoriamarianosanchez.com\/"]}]},{"@type":"ImageObject","inLanguage":"en-GB","@id":"https:\/\/asesoriamarianosanchez.com\/#primaryimage","url":"https:\/\/asesoriamarianosanchez.com\/wp-content\/uploads\/2026\/03\/467bb733-0a41-465d-8e71-dd10d2f47cb0-1024x1024.png","contentUrl":"https:\/\/asesoriamarianosanchez.com\/wp-content\/uploads\/2026\/03\/467bb733-0a41-465d-8e71-dd10d2f47cb0-1024x1024.png"},{"@type":"BreadcrumbList","@id":"https:\/\/asesoriamarianosanchez.com\/#breadcrumb","itemListElement":[{"@type":"ListItem","position":1,"name":"Portada","item":"https:\/\/asesoriamarianosanchez.com\/"},{"@type":"ListItem","position":2,"name":"Inicio"}]},{"@type":"WebSite","@id":"https:\/\/asesoriamarianosanchez.com\/#website","url":"https:\/\/asesoriamarianosanchez.com\/","name":"Mariano S\u00e1nchez Tax and Accounting Consulting","description":"","publisher":{"@id":"https:\/\/asesoriamarianosanchez.com\/#organization"},"potentialAction":[{"@type":"SearchAction","target":{"@type":"EntryPoint","urlTemplate":"https:\/\/asesoriamarianosanchez.com\/?s={search_term_string}"},"query-input":{"@type":"PropertyValueSpecification","valueRequired":true,"valueName":"search_term_string"}}],"inLanguage":"en-GB"},{"@type":"Organization","@id":"https:\/\/asesoriamarianosanchez.com\/#organization","name":"Mariano S\u00e1nchez Tax and Accounting Consulting","url":"https:\/\/asesoriamarianosanchez.com\/","logo":{"@type":"ImageObject","inLanguage":"en-GB","@id":"https:\/\/asesoriamarianosanchez.com\/#\/schema\/logo\/image\/","url":"https:\/\/asesoriamarianosanchez.com\/wp-content\/uploads\/2026\/03\/467bb733-0a41-465d-8e71-dd10d2f47cb0.png","contentUrl":"https:\/\/asesoriamarianosanchez.com\/wp-content\/uploads\/2026\/03\/467bb733-0a41-465d-8e71-dd10d2f47cb0.png","width":2000,"height":2000,"caption":"Asesor\u00eda Fiscal y Contable Mariano S\u00e1nchez "},"image":{"@id":"https:\/\/asesoriamarianosanchez.com\/#\/schema\/logo\/image\/"}}]}},"_links":{"self":[{"href":"https:\/\/asesoriamarianosanchez.com\/en\/wp-json\/wp\/v2\/pages\/11","targetHints":{"allow":["GET"]}}],"collection":[{"href":"https:\/\/asesoriamarianosanchez.com\/en\/wp-json\/wp\/v2\/pages"}],"about":[{"href":"https:\/\/asesoriamarianosanchez.com\/en\/wp-json\/wp\/v2\/types\/page"}],"author":[{"embeddable":true,"href":"https:\/\/asesoriamarianosanchez.com\/en\/wp-json\/wp\/v2\/users\/1"}],"replies":[{"embeddable":true,"href":"https:\/\/asesoriamarianosanchez.com\/en\/wp-json\/wp\/v2\/comments?post=11"}],"version-history":[{"count":172,"href":"https:\/\/asesoriamarianosanchez.com\/en\/wp-json\/wp\/v2\/pages\/11\/revisions"}],"predecessor-version":[{"id":740,"href":"https:\/\/asesoriamarianosanchez.com\/en\/wp-json\/wp\/v2\/pages\/11\/revisions\/740"}],"wp:attachment":[{"href":"https:\/\/asesoriamarianosanchez.com\/en\/wp-json\/wp\/v2\/media?parent=11"}],"curies":[{"name":"wp","href":"https:\/\/api.w.org\/{rel}","templated":true}]}}